{"id":8860,"date":"2023-08-18T11:22:42","date_gmt":"2023-08-18T09:22:42","guid":{"rendered":"https:\/\/frutasborja.es\/unternehmen\/erntekalender\/"},"modified":"2024-03-06T10:25:23","modified_gmt":"2024-03-06T08:25:23","slug":"erntekalender","status":"publish","type":"page","link":"https:\/\/frutasborja.es\/de\/unternehmen\/erntekalender\/","title":{"rendered":"Erntekalender"},"content":{"rendered":"[vc_section full_width=&#8221;stretch_row&#8221; css=&#8221;.vc_custom_1705423337042{background-image: url(https:\/\/frutasborja.es\/wp-content\/uploads\/2024\/01\/recoletor.png?id=6738) !important;background-position: center !important;background-repeat: no-repeat !important;background-size: contain !important;}&#8221; el_id=&#8221;productos&#8221;][vc_row equal_height=&#8221;yes&#8221; el_class=&#8221;pd-top-100 sm-pd-top-80 xs-pd-top-60 pd-bottom-100 sm-pd-bottom-80 xs-pd-bottom-20&#8243; css=&#8221;.vc_custom_1705658748297{margin-top: 0px !important;margin-bottom: 0px !important;padding-top: 0px !important;padding-bottom: 0px !important;}&#8221;][vc_column][g5plus_heading align=&#8221;text-center&#8221; google_fonts=&#8221;font_family:Maven%20Pro%3Aregular%2C500%2C700%2C900|font_style:700%20bold%20regular%3A700%3Anormal&#8221; use_theme_fonts=&#8221;true&#8221; title=&#8221;Erntekalender&#8221; des_title=&#8221;Wir arbeiten f\u00fcr Sie und Ihre W\u00fcnsche&#8221; css=&#8221;.vc_custom_1705662182873{margin-bottom: 30px !important;}&#8221; fs=&#8221;60&#8243;][vc_column_text]\n<p style=\"text-align: center; max-width: 1000px; margin: 0 auto;\">Wir von Frutas Borja sind st\u00e4ndig bestrebt, unsere Produkte und Dienstleistungen zu verbessern und erforschen fortlaufend neue Sorten, die es uns erm\u00f6glichen, unsere Produkte zu jeder Jahreszeit anzubieten.<\/p>\n[\/vc_column_text][g5plus_heading align=&#8221;text-center&#8221; google_fonts=&#8221;font_family:Maven%20Pro%3Aregular%2C500%2C700%2C900|font_style:700%20bold%20regular%3A700%3Anormal&#8221; use_theme_fonts=&#8221;true&#8221; des_title=&#8221;In fast jedem Monat des Jahres&#8221; fs=&#8221;100&#8243; el_class=&#8221;color&#8221; css=&#8221;.vc_custom_1705662173499{margin-bottom: 10px !important;padding-top: 30px !important;padding-bottom: 30px !important;}&#8221;][vc_single_image image=&#8221;9047&#8243; img_size=&#8221;full&#8221; alignment=&#8221;center&#8221;][\/vc_column][\/vc_row][vc_row disable_element=&#8221;yes&#8221; css=&#8221;.vc_custom_1705662478678{margin-bottom: 20px !important;}&#8221; el_class=&#8221;ocultar&#8221;][vc_column][vc_text_separator title=&#8221;&#8221; i_icon_fontawesome=&#8221;fa fa-chevron-up&#8221; i_color=&#8221;grey&#8221; add_icon=&#8221;true&#8221; css=&#8221;.vc_custom_1472120919444{margin-top: 15px !important;}&#8221; el_class=&#8221;go-to-top&#8221;][\/vc_column][\/vc_row][vc_row full_width=&#8221;stretch_row&#8221; disable_element=&#8221;yes&#8221; css=&#8221;.vc_custom_1705662489737{margin-top: 50px !important;}&#8221; el_class=&#8221;ocultar&#8221;][vc_column][vc_single_image image=&#8221;6735&#8243; img_size=&#8221;full&#8221; alignment=&#8221;center&#8221; onclick=&#8221;link_image&#8221; css_animation=&#8221;fadeInUp&#8221;][\/vc_column][\/vc_row][\/vc_section][vc_row disable_element=&#8221;yes&#8221; el_class=&#8221;ocultar&#8221;][vc_column][vc_column_text]\n<div class=\"marcas\">\n<section class=\"page-title-bar clearfix\">\n<div class=\"inner-wrap\">\n<div class=\"page-title-wrap\">\n<h1>Erntekalender<\/h1>\n<\/div>\n<\/div>\n<\/section>\n<p style=\"text-align: center; font-size: 38px;\"><i class=\"fa fa-calendar\"><\/i><br \/>\nIn fast jedem Monat des Jahres<\/p>\n<div id=\"slogan\" style=\"margin-bottom: 80px;\">Wir arbeiten f\u00fcr und f\u00fcr Sie Wir h\u00f6ren nicht auf, st\u00e4ndig nach der Verbesserung unseres Unternehmens zu suchen<br \/>\nProdukte und deren Dienstleistungen<\/div>\n<p>Wir von Frutas Borja sind st\u00e4ndig bestrebt, unsere Produkte und Dienstleistungen zu verbessern und erforschen fortlaufend neue Sorten, die es uns erm\u00f6glichen, unsere Produkte zu jeder Jahreszeit anzubieten.<\/p>\n<p><img decoding=\"async\" loading=\"lazy\" class=\"alignleft size-full wp-image-1578\" src=\"https:\/\/frutasborja.es\/wp-content\/uploads\/2023\/08\/calendario-frutos-rojosvariedadcandy.png\" alt=\"\" width=\"1400\" height=\"275\"><\/div>\n[\/vc_column_text][\/vc_column][\/vc_row]\n","protected":false},"excerpt":{"rendered":"<p>Die Erdbeere, die K\u00f6nigin der Fr\u00fcchte.<br \/>\nEs ist eine leuchtend rote, saftige und duftende Frucht, die wegen ihres angenehmen Aromas und ihrer appetitanregenden Wirkung sehr gesch\u00e4tzt wird.<\/p>\n","protected":false},"author":2,"featured_media":0,"parent":8854,"menu_order":0,"comment_status":"closed","ping_status":"closed","template":"","meta":{"wpupg_custom_link":[],"wpupg_custom_link_behaviour":["default"],"wpupg_custom_image":[],"wpupg_custom_image_id":[],"footnotes":"","_links_to":"","_links_to_target":""},"yoast_head":"<!-- This site is optimized with the Yoast SEO plugin v22.2 - https:\/\/yoast.com\/wordpress\/plugins\/seo\/ -->\n<title>Erntekalender<\/title>\n<meta name=\"robots\" content=\"index, follow, max-snippet:-1, max-image-preview:large, max-video-preview:-1\" \/>\n<link rel=\"canonical\" href=\"https:\/\/frutasborja.es\/de\/unternehmen\/erntekalender\/\" \/>\n<meta property=\"og:locale\" content=\"de_DE\" \/>\n<meta property=\"og:type\" content=\"article\" \/>\n<meta property=\"og:title\" content=\"Erntekalender\" \/>\n<meta property=\"og:description\" content=\"Die Erdbeere, die K\u00f6nigin der Fr\u00fcchte. Es ist eine leuchtend rote, saftige und duftende Frucht, die wegen ihres angenehmen Aromas und ihrer appetitanregenden Wirkung sehr gesch\u00e4tzt wird.\" \/>\n<meta property=\"og:url\" content=\"https:\/\/frutasborja.es\/de\/unternehmen\/erntekalender\/\" \/>\n<meta property=\"og:site_name\" content=\"Frutas Borja\" \/>\n<meta property=\"article:modified_time\" content=\"2024-03-06T08:25:23+00:00\" \/>\n<meta property=\"og:image\" content=\"https:\/\/frutasborja.es\/wp-content\/uploads\/2023\/08\/calendario-frutos-rojosvariedadcandy.png\" \/>\n<meta name=\"twitter:card\" content=\"summary_large_image\" \/>\n<meta name=\"twitter:label1\" content=\"Gesch\u00e4tzte Lesezeit\" \/>\n\t<meta name=\"twitter:data1\" content=\"2\u00a0Minuten\" \/>\n<script type=\"application\/ld+json\" class=\"yoast-schema-graph\">{\"@context\":\"https:\/\/schema.org\",\"@graph\":[{\"@type\":\"WebPage\",\"@id\":\"https:\/\/frutasborja.es\/de\/unternehmen\/erntekalender\/\",\"url\":\"https:\/\/frutasborja.es\/de\/unternehmen\/erntekalender\/\",\"name\":\"Erntekalender\",\"isPartOf\":{\"@id\":\"https:\/\/frutasborja.azhr.tv\/#website\"},\"primaryImageOfPage\":{\"@id\":\"https:\/\/frutasborja.es\/de\/unternehmen\/erntekalender\/#primaryimage\"},\"image\":{\"@id\":\"https:\/\/frutasborja.es\/de\/unternehmen\/erntekalender\/#primaryimage\"},\"thumbnailUrl\":\"https:\/\/frutasborja.es\/wp-content\/uploads\/2023\/08\/calendario-frutos-rojosvariedadcandy.png\",\"datePublished\":\"2023-08-18T09:22:42+00:00\",\"dateModified\":\"2024-03-06T08:25:23+00:00\",\"breadcrumb\":{\"@id\":\"https:\/\/frutasborja.es\/de\/unternehmen\/erntekalender\/#breadcrumb\"},\"inLanguage\":\"de\",\"potentialAction\":[{\"@type\":\"ReadAction\",\"target\":[\"https:\/\/frutasborja.es\/de\/unternehmen\/erntekalender\/\"]}]},{\"@type\":\"ImageObject\",\"inLanguage\":\"de\",\"@id\":\"https:\/\/frutasborja.es\/de\/unternehmen\/erntekalender\/#primaryimage\",\"url\":\"https:\/\/frutasborja.es\/wp-content\/uploads\/2023\/08\/calendario-frutos-rojosvariedadcandy.png\",\"contentUrl\":\"https:\/\/frutasborja.es\/wp-content\/uploads\/2023\/08\/calendario-frutos-rojosvariedadcandy.png\",\"width\":1400,\"height\":350},{\"@type\":\"BreadcrumbList\",\"@id\":\"https:\/\/frutasborja.es\/de\/unternehmen\/erntekalender\/#breadcrumb\",\"itemListElement\":[{\"@type\":\"ListItem\",\"position\":1,\"name\":\"Portada\",\"item\":\"https:\/\/frutasborja.es\/de\/startseite\/\"},{\"@type\":\"ListItem\",\"position\":2,\"name\":\"UNTERNEHMEN\",\"item\":\"https:\/\/frutasborja.es\/de\/unternehmen\/\"},{\"@type\":\"ListItem\",\"position\":3,\"name\":\"Erntekalender\"}]},{\"@type\":\"WebSite\",\"@id\":\"https:\/\/frutasborja.azhr.tv\/#website\",\"url\":\"https:\/\/frutasborja.azhr.tv\/\",\"name\":\"Frutas Borja\",\"description\":\"\",\"potentialAction\":[{\"@type\":\"SearchAction\",\"target\":{\"@type\":\"EntryPoint\",\"urlTemplate\":\"https:\/\/frutasborja.azhr.tv\/?s={search_term_string}\"},\"query-input\":\"required name=search_term_string\"}],\"inLanguage\":\"de\"}]}<\/script>\n<!-- \/ Yoast SEO plugin. -->","yoast_head_json":{"title":"Erntekalender","robots":{"index":"index","follow":"follow","max-snippet":"max-snippet:-1","max-image-preview":"max-image-preview:large","max-video-preview":"max-video-preview:-1"},"canonical":"https:\/\/frutasborja.es\/de\/unternehmen\/erntekalender\/","og_locale":"de_DE","og_type":"article","og_title":"Erntekalender","og_description":"Die Erdbeere, die K\u00f6nigin der Fr\u00fcchte. Es ist eine leuchtend rote, saftige und duftende Frucht, die wegen ihres angenehmen Aromas und ihrer appetitanregenden Wirkung sehr gesch\u00e4tzt wird.","og_url":"https:\/\/frutasborja.es\/de\/unternehmen\/erntekalender\/","og_site_name":"Frutas Borja","article_modified_time":"2024-03-06T08:25:23+00:00","og_image":[{"url":"https:\/\/frutasborja.es\/wp-content\/uploads\/2023\/08\/calendario-frutos-rojosvariedadcandy.png"}],"twitter_card":"summary_large_image","twitter_misc":{"Gesch\u00e4tzte Lesezeit":"2\u00a0Minuten"},"schema":{"@context":"https:\/\/schema.org","@graph":[{"@type":"WebPage","@id":"https:\/\/frutasborja.es\/de\/unternehmen\/erntekalender\/","url":"https:\/\/frutasborja.es\/de\/unternehmen\/erntekalender\/","name":"Erntekalender","isPartOf":{"@id":"https:\/\/frutasborja.azhr.tv\/#website"},"primaryImageOfPage":{"@id":"https:\/\/frutasborja.es\/de\/unternehmen\/erntekalender\/#primaryimage"},"image":{"@id":"https:\/\/frutasborja.es\/de\/unternehmen\/erntekalender\/#primaryimage"},"thumbnailUrl":"https:\/\/frutasborja.es\/wp-content\/uploads\/2023\/08\/calendario-frutos-rojosvariedadcandy.png","datePublished":"2023-08-18T09:22:42+00:00","dateModified":"2024-03-06T08:25:23+00:00","breadcrumb":{"@id":"https:\/\/frutasborja.es\/de\/unternehmen\/erntekalender\/#breadcrumb"},"inLanguage":"de","potentialAction":[{"@type":"ReadAction","target":["https:\/\/frutasborja.es\/de\/unternehmen\/erntekalender\/"]}]},{"@type":"ImageObject","inLanguage":"de","@id":"https:\/\/frutasborja.es\/de\/unternehmen\/erntekalender\/#primaryimage","url":"https:\/\/frutasborja.es\/wp-content\/uploads\/2023\/08\/calendario-frutos-rojosvariedadcandy.png","contentUrl":"https:\/\/frutasborja.es\/wp-content\/uploads\/2023\/08\/calendario-frutos-rojosvariedadcandy.png","width":1400,"height":350},{"@type":"BreadcrumbList","@id":"https:\/\/frutasborja.es\/de\/unternehmen\/erntekalender\/#breadcrumb","itemListElement":[{"@type":"ListItem","position":1,"name":"Portada","item":"https:\/\/frutasborja.es\/de\/startseite\/"},{"@type":"ListItem","position":2,"name":"UNTERNEHMEN","item":"https:\/\/frutasborja.es\/de\/unternehmen\/"},{"@type":"ListItem","position":3,"name":"Erntekalender"}]},{"@type":"WebSite","@id":"https:\/\/frutasborja.azhr.tv\/#website","url":"https:\/\/frutasborja.azhr.tv\/","name":"Frutas Borja","description":"","potentialAction":[{"@type":"SearchAction","target":{"@type":"EntryPoint","urlTemplate":"https:\/\/frutasborja.azhr.tv\/?s={search_term_string}"},"query-input":"required name=search_term_string"}],"inLanguage":"de"}]}},"_links":{"self":[{"href":"https:\/\/frutasborja.es\/de\/wp-json\/wp\/v2\/pages\/8860"}],"collection":[{"href":"https:\/\/frutasborja.es\/de\/wp-json\/wp\/v2\/pages"}],"about":[{"href":"https:\/\/frutasborja.es\/de\/wp-json\/wp\/v2\/types\/page"}],"author":[{"embeddable":true,"href":"https:\/\/frutasborja.es\/de\/wp-json\/wp\/v2\/users\/2"}],"replies":[{"embeddable":true,"href":"https:\/\/frutasborja.es\/de\/wp-json\/wp\/v2\/comments?post=8860"}],"version-history":[{"count":7,"href":"https:\/\/frutasborja.es\/de\/wp-json\/wp\/v2\/pages\/8860\/revisions"}],"predecessor-version":[{"id":9050,"href":"https:\/\/frutasborja.es\/de\/wp-json\/wp\/v2\/pages\/8860\/revisions\/9050"}],"up":[{"embeddable":true,"href":"https:\/\/frutasborja.es\/de\/wp-json\/wp\/v2\/pages\/8854"}],"wp:attachment":[{"href":"https:\/\/frutasborja.es\/de\/wp-json\/wp\/v2\/media?parent=8860"}],"curies":[{"name":"wp","href":"https:\/\/api.w.org\/{rel}","templated":true}]}}