{"id":8888,"date":"2019-04-03T12:05:45","date_gmt":"2019-04-03T10:05:45","guid":{"rendered":"https:\/\/frutasborja.es\/cookie-richtlinie\/"},"modified":"2024-03-06T14:13:23","modified_gmt":"2024-03-06T12:13:23","slug":"cookie-richtlinie","status":"publish","type":"page","link":"https:\/\/frutasborja.es\/de\/cookie-richtlinie\/","title":{"rendered":"Cookie-Richtlinie"},"content":{"rendered":"[vc_section][vc_row el_class=&#8221;pd-top-100 sm-pd-top-80 xs-pd-top-60 pd-bottom-100 sm-pd-bottom-80 xs-pd-bottom-20&#8243;][vc_column][g5plus_heading align=&#8221;text-center&#8221; google_fonts=&#8221;font_family:Maven%20Pro%3Aregular%2C500%2C700%2C900|font_style:700%20bold%20regular%3A700%3Anormal&#8221; use_theme_fonts=&#8221;true&#8221; title=&#8221;Cookie-Richtlinie&#8221; fs=&#8221;60&#8243; css=&#8221;.vc_custom_1705673344126{padding-bottom: 30px !important;}&#8221;][vc_column_text]In \u00dcbereinstimmung mit dem Gesetz 34\/2002 vom 11. Juli \u00fcber Dienste der Informationsgesellschaft und elektronischen Handel informieren wir Sie dar\u00fcber, dass diese Website, wie die meisten Websites im Internet, Cookies verwendet, um das Benutzererlebnis zu verbessern und zu optimieren. Nachfolgend finden Sie detaillierte Informationen dar\u00fcber, was \u201eCookies\u201c sind, welche Art diese Website verwendet, wie Sie Ihre Cookie-Einstellungen \u00e4ndern und was passiert, wenn Sie Cookies deaktivieren.[\/vc_column_text][vc_empty_space][vc_column_text]\n<h3>Welche Art von Cookies verwendet diese Website?<\/h3>\n<p>F\u00fcr die Verwendung von Cookies ist grunds\u00e4tzlich die Einwilligung des Nutzers erforderlich. Die Modalit\u00e4ten f\u00fcr die Erteilung der Einwilligung k\u00f6nnen sehr unterschiedlich sein und sind g\u00fcltig, solange sie auf freiwillige und informierte Weise erteilt wird, zum Beispiel:<\/p>\n<p>Nachfolgend finden Sie eine Tabelle mit den auf <a href=\"http:\/\/www.frutasborja.es\">www.frutasborja.es<\/a> verwendeten Cookies und ihrem Zweck.<br \/>\nLieferant und Laufzeit.[\/vc_column_text][vc_empty_space][vc_column_text]\n<h3>Was sind Cookies?<\/h3>\n<p>Ein Cookie ist eine kleine Datei, die zum Zweck der Datenspeicherung auf Ihren Computer heruntergeladen wird und beim Surfen Informationen abruft. Generell k\u00f6nnen diese Technologien ganz unterschiedlichen Zwecken dienen, wie zum Beispiel der Wiedererkennung als Nutzer, der Gewinnung von Informationen \u00fcber Ihr Surfverhalten oder der Personalisierung der Darstellung der Inhalte. Nachfolgend werden die konkreten Einsatzm\u00f6glichkeiten dieser Technologien beschrieben.<\/p>\n<table>\n<thead>\n<tr>\n<th>Name<\/th>\n<th>Zweck<\/th>\n<th>Domain<\/th>\n<th>Ablauf<\/th>\n<th>Kerl<\/th>\n<\/tr>\n<\/thead>\n<tbody>\n<tr>\n<td>SIDCC<\/td>\n<td>Google verwendet Sicherheitscookies, um Benutzer zu authentifizieren, die betr\u00fcgerische Verwendung von Anmeldeinformationen zu verhindern und Benutzerdaten vor unbefugten Dritten zu sch\u00fctzen.<\/td>\n<td>.google.com<\/td>\n<td>365 Tage<\/td>\n<td>Technik<\/td>\n<\/tr>\n<tr>\n<td>__Secure-3PSIDTS<\/td>\n<td>Es liegen keine Informationen zu diesem Cookie vor<\/td>\n<td>.google.com<\/td>\n<td>365 Tage<\/td>\n<td>Unbekannt<\/td>\n<\/tr>\n<tr>\n<td>SAPISID<\/td>\n<td>Google verwendet diese Cookies, um personalisierte Anzeigen auf Google-Websites anzuzeigen, die auf aktuellen Suchanfragen und fr\u00fcheren Interaktionen basieren.<\/td>\n<td>.google.com<\/td>\n<td>394 Tage<\/td>\n<td>Werbung<\/td>\n<\/tr>\n<tr>\n<td>__Secure-3PSIDCC<\/td>\n<td>Wird f\u00fcr Targeting-Zwecke verwendet, um ein Profil der Interessen des Website-Besuchers zu erstellen, um relevante und personalisierte Google-Werbung anzuzeigen.<\/td>\n<td>.google.com<\/td>\n<td>365 Tage<\/td>\n<td>Werbung<\/td>\n<\/tr>\n<tr>\n<td>__Secure-3PSID<\/td>\n<td>Es liegen keine Informationen zu diesem Cookie vor<\/td>\n<td>.google.com<\/td>\n<td>394 Tage<\/td>\n<td>Unbekannt<\/td>\n<\/tr>\n<tr>\n<td>HSID<\/td>\n<td>Enth\u00e4lt verschl\u00fcsselte Eintr\u00e4ge aus Ihrem Google-Konto und den letzten Anmeldezeitpunkt zum Schutz vor Angriffen und Datendiebstahl aus Formulareintr\u00e4gen.<\/td>\n<td>.google.com<\/td>\n<td>394 Tage<\/td>\n<td>Technik<\/td>\n<\/tr>\n<tr>\n<td>__Secure-1PAPISID<\/td>\n<td>Wird f\u00fcr Targeting-Zwecke verwendet, um ein Profil der Interessen des Website-Besuchers zu erstellen, um relevante und personalisierte Google-Werbung anzuzeigen.<\/td>\n<td>.google.com<\/td>\n<td>394 Tage<\/td>\n<td>Werbung<\/td>\n<\/tr>\n<tr>\n<td>APISID<\/td>\n<td>Google verwendet diese Cookies, um personalisierte Anzeigen auf Google-Websites anzuzeigen, die auf aktuellen Suchanfragen und fr\u00fcheren Interaktionen basieren.<\/td>\n<td>.google.com<\/td>\n<td>394 Tage<\/td>\n<td>Werbung<\/td>\n<\/tr>\n<tr>\n<td>SSID<\/td>\n<td>Google verwendet diese Cookies, um personalisierte Anzeigen auf Google-Websites anzuzeigen, die auf aktuellen Suchanfragen und fr\u00fcheren Interaktionen basieren.<\/td>\n<td>.google.com<\/td>\n<td>394 Tage<\/td>\n<td>Werbung<\/td>\n<\/tr>\n<tr>\n<td>__Secure-1PSID<\/td>\n<td>Wird f\u00fcr Targeting-Zwecke verwendet, um ein Profil der Interessen des Website-Besuchers zu erstellen, um relevante und personalisierte Google-Werbung anzuzeigen.<\/td>\n<td>.google.com<\/td>\n<td>394 Tage<\/td>\n<td>Werbung<\/td>\n<\/tr>\n<tr>\n<td>__Secure-1PSIDTS<\/td>\n<td>Es liegen keine Informationen zu diesem Cookie vor<\/td>\n<td>.google.com<\/td>\n<td>365 Tage<\/td>\n<td>Unbekannt<\/td>\n<\/tr>\n<tr>\n<td>SID<\/td>\n<td>Es liegen keine Informationen zu diesem Cookie vor<\/td>\n<td>.google.com<\/td>\n<td>394 Tage<\/td>\n<td>Unbekannt<\/td>\n<\/tr>\n<tr>\n<td>__Secure-3PAPISID<\/td>\n<td>Wird f\u00fcr Targeting-Zwecke verwendet, um ein Profil der Interessen des Website-Besuchers zu erstellen, um relevante und personalisierte Google-Werbung anzuzeigen.<\/td>\n<td>.google.com<\/td>\n<td>394 Tage<\/td>\n<td>Werbung<\/td>\n<\/tr>\n<tr>\n<td>__Secure-ENID<\/td>\n<td>Sie k\u00f6nnen damit anpassen, wie Anzeigen au\u00dferhalb von Google angezeigt werden, oder Informationen wie die bevorzugte Sprache bei der Anzeige von Suchergebnissen speichern.<\/td>\n<td>.google.com<\/td>\n<td>83 Tage<\/td>\n<td>Werbung<\/td>\n<\/tr>\n<tr>\n<td>NID<\/td>\n<td>Das NID-Cookie enth\u00e4lt eine eindeutige ID, die Google verwendet, um Ihre Pr\u00e4ferenzen und andere Informationen zu speichern, z. B. Ihre bevorzugte Sprache (z. B. Englisch), wie viele Suchergebnisse Sie pro Seite anzeigen m\u00f6chten (z. B. 10 oder 20) und ob Sie m\u00f6chten bzw<\/td>\n<td>.google.com<\/td>\n<td>183 Tage<\/td>\n<td>#\u00a1WERT!<\/td>\n<\/tr>\n<tr>\n<td>SEARCH_SAMESITE<\/td>\n<td>Es liegen keine Informationen zu diesem Cookie vor<\/td>\n<td>.google.com<\/td>\n<td>119 Tage<\/td>\n<td>Unbekannt<\/td>\n<\/tr>\n<tr>\n<td>AEC<\/td>\n<td>\u00dcberpr\u00fcft, ob w\u00e4hrend einer Browsersitzung gestellte Anfragen vom Benutzer und nicht von anderen Websites stammen. Diese Cookies verhindern, dass b\u00f6sartige Websites ohne deren Wissen als Benutzer agieren.<\/td>\n<td>.google.com<\/td>\n<td>8 Tage<\/td>\n<td>Technik<\/td>\n<\/tr>\n<tr>\n<td>CONSENT<\/td>\n<td>Cookie, das es Ihnen erm\u00f6glicht, sich an die Annahme von Google-Cookies zu erinnern und zu verhindern, dass das Popup-Fenster mit der Bitte um Zustimmung erneut angezeigt wird.<\/td>\n<td>.google.com<\/td>\n<td>295 Tage<\/td>\n<td>Technik<\/td>\n<\/tr>\n<tr>\n<td>SOCS<\/td>\n<td>Speichert den Status eines Benutzers hinsichtlich seiner Cookie-Auswahl<\/td>\n<td>.google.com<\/td>\n<td>186 Tage<\/td>\n<td>Technik<\/td>\n<\/tr>\n<\/tbody>\n<\/table>\n[\/vc_column_text][vc_empty_space][vc_column_text]\n<h3>Arten von Cookies<\/h3>\n<ul>\n<li>Je nachdem, wer sie verwaltet:<\/li>\n<\/ul>\n<ol>\n<li style=\"list-style-type: none;\">\n<ol>\n<li>Eigene Cookies: sind solche, die von einem von Frutas BORJA verwalteten Computer oder einer Dom\u00e4ne an Ihren Computer gesendet werden und von dem aus der vom Benutzer angeforderte Dienst bereitgestellt wird.<\/li>\n<li>Cookies von Drittanbietern: Hierbei handelt es sich um Cookies, die von einem Computer oder einer Dom\u00e4ne an Ihren Computer gesendet werden, die nicht von Frutas BORJA verwaltet wird, sondern von einer anderen Stelle, die die durch Cookies erhaltenen Daten verarbeitet.<\/li>\n<\/ol>\n<\/li>\n<\/ol>\n<ul>\n<li>Je nach Zweck:<\/li>\n<\/ul>\n<ol>\n<li style=\"list-style-type: none;\">\n<ol>\n<li>Techniken: Dies sind Techniken, die es Ihnen als Benutzer erm\u00f6glichen, durch unsere Website, Plattform oder Anwendung zu navigieren und die verschiedenen von uns angebotenen Optionen oder Dienste zu nutzen. Diese Cookies sind f\u00fcr das ordnungsgem\u00e4\u00dfe Funktionieren der Website erforderlich und bed\u00fcrfen daher nicht Ihrer Zustimmung.<\/li>\n<li>Pr\u00e4ferenzen oder Personalisierung: Dies sind diejenigen, die es Ihnen erm\u00f6glichen, sich Informationen zu merken, damit Sie mit bestimmten Merkmalen auf den Dienst zugreifen k\u00f6nnen, die Ihre Erfahrung von der anderer Benutzer unterscheiden k\u00f6nnen.<\/li>\n<li>Analyse: Hierbei handelt es sich um solche, die es erm\u00f6glichen, die Anzahl der Nutzer zu quantifizieren und somit die Messung und statistische Analyse der Nutzung des angebotenen Dienstes durch die Nutzer durchzuf\u00fchren. Dazu wird Ihre Navigation auf unserer Website analysiert, um das Angebot der von uns angebotenen Produkte oder Dienstleistungen zu verbessern.<\/li>\n<li>Verhaltensbezogene Werbung: Dabei handelt es sich um Werbung, die es uns erm\u00f6glicht, Ihre Surfgewohnheiten im Internet zu analysieren, damit wir Ihnen Werbung zeigen k\u00f6nnen, die sich auf Ihr Browserprofil bezieht.<\/li>\n<\/ol>\n<\/li>\n<\/ol>\n<ul>\n<li>Abh\u00e4ngig von der Dauer bleiben sie aktiviert:<\/li>\n<\/ul>\n<ol>\n<li style=\"list-style-type: none;\">\n<ol>\n<li>Sitzung: dient der Erfassung und Speicherung von Daten w\u00e4hrend Ihres Zugriffs auf die Website und dient der Speicherung von Informationen, deren Speicherung nur f\u00fcr die Erbringung der von Ihnen angeforderten Dienstleistung bei einem einzigen Anlass von Interesse ist. Sie verschwinden am Ende der Sitzung.<\/li>\n<li>Dauerhaft: Dabei handelt es sich um solche, bei denen die Daten weiterhin im Endger\u00e4t gespeichert werden und f\u00fcr einen vom Cookie-Verantwortlichen festgelegten Zeitraum abgerufen und verarbeitet werden k\u00f6nnen, der von einigen Minuten bis zu mehreren Jahren reichen kann.<\/li>\n<\/ol>\n<\/li>\n<\/ol>\n<ul>\n<li>Inhalte Dritter \u2013 Cookies Dritter:<\/li>\n<\/ul>\n<p style=\"margin-left: 90px;\">Frutas BORJA ist nicht verantwortlich f\u00fcr die Datenschutzpraktiken Dritter, auf die \u00fcber diese Website verwiesen wird. Um auf Inhalte Dritter zuzugreifen, m\u00fcssen Benutzer (sofern sie dies noch nicht getan haben) die von ihnen geltenden Bedingungen akzeptieren, einschlie\u00dflich ihrer Cookie-Richtlinien, die au\u00dferhalb unserer Kontrolle liegen.<br \/>\n Wenn Benutzer sich daf\u00fcr entscheiden, nicht auf diese Inhalte zuzugreifen, werden diese Cookies von Drittanbietern nicht auf ihren Ger\u00e4ten installiert. Die Aufnahme eines Links zu diesen Inhalten auf unserer Website bedeutet nicht, dass wir die verlinkte Website oder den verlinkten Dienst guthei\u00dfen.<\/p>\n[\/vc_column_text][vc_empty_space][vc_column_text]\n<h3>Werden internationale \u00dcberweisungen durchgef\u00fchrt?<\/h3>\n<p>\u00dcber \u00dcbermittlungen in Drittl\u00e4nder, die gegebenenfalls von den in dieser Cookie-Richtlinie genannten Dritten durchgef\u00fchrt werden, k\u00f6nnen Sie sich in deren entsprechenden Richtlinien informieren (siehe die Links im Abschnitt \u201eCookies von Drittanbietern\u201c).[\/vc_column_text][vc_empty_space][vc_column_text]\n<h3>Wie k\u00f6nnen Sie Ihre Cookies konfigurieren?<\/h3>\n<p>Sie k\u00f6nnen Cookies zulassen oder blockieren sowie Ihre Browserdaten (einschlie\u00dflich Cookies) aus dem von Ihnen verwendeten Browser l\u00f6schen. Konsultieren Sie dazu die M\u00f6glichkeiten und Anleitungen Ihres Browsers. Bitte beachten Sie, dass Sie, wenn Sie Cookies von Drittanbietern akzeptieren, diese aus den Browseroptionen l\u00f6schen m\u00fcssen. Zum Beispiel:<\/p>\n<ol>\n<li>Internet Explorer: Tools &gt; Internetoptionen &gt; Privatsph\u00e4re &gt; Einstellung.<br \/>\nWeitere Informationen finden Sie im Microsoft-Support oder in der Browser-Hilfe.<\/li>\n<li>Firefox: Tools &gt; Optionen &gt; Privatsph\u00e4re&gt; Aufzeichnen&gt; Benutzerdefinierte Einstellungen.<br \/>\nWeitere Informationen finden Sie beim Mozilla-Support oder in der Browser-Hilfe.<\/li>\n<li>Chrome: Einstellungen &gt; Erweiterte Optionen anzeigen &gt; Privacidad -&gt; Privatsph\u00e4re<br \/>\nWeitere Informationen finden Sie im Google-Support oder in der Browser-Hilfe.<\/li>\n<li>Safari: Einstellungen &gt; Sicherheit.<br \/>\nWeitere Informationen finden Sie im Apple Support oder in der Browser-Hilfe.<\/li>\n<li>Opera: Einstellungen &gt; Optionen&gt; Fortschrittlich &gt; Kekse.<br \/>\nWeitere Informationen finden Sie beim Opera-Support oder in der Browser-Hilfe.<br \/>\nWenn Sie einen anderen Browser als die vorherigen verwenden, lesen Sie dessen Cookie-Installations-, Verwendungs- und Blockierungsrichtlinien.<\/li>\n<\/ol>\n[\/vc_column_text][vc_empty_space][vc_column_text]\n<h3>Was passiert, wenn Cookies deaktiviert sind?<\/h3>\n<p>Einige Funktionen der Dienste und Bereiche dieser Website funktionieren m\u00f6glicherweise nicht ordnungsgem\u00e4\u00df, wenn Cookies deaktiviert sind.[\/vc_column_text][vc_empty_space][vc_column_text]\n<h3>Haben wir unsere Cookie-Richtlinie aktualisiert?<\/h3>\n<p>Es ist m\u00f6glich, dass wir die Cookie-Richtlinie unserer Website aktualisieren. Wir empfehlen Ihnen daher, diese Richtlinie bei jedem Zugriff auf unsere Website zu \u00fcberpr\u00fcfen, um ausreichend dar\u00fcber informiert zu sein, wie und warum wir Cookies verwenden. Bei weiteren Fragen im Zusammenhang mit der Nutzung Ihrer personenbezogenen Daten oder der Aus\u00fcbung Ihrer Rechte k\u00f6nnen Sie sich auf unsere <a href=\"https:\/\/frutasborja.es\/de\/rechtliche-hinweise-und-datenschutzbestimmungen\/\">Datenschutzerkl\u00e4rung<\/a> beziehen.<\/p>\n<p>Weitere Informationen zum Datenschutz k\u00f6nnen Sie bei DP-CONTROL anfordern: <a href=\"mailto:dp-control@dp-control.es\">dp-control@dp-control.es<\/a>[\/vc_column_text][\/vc_column][\/vc_row][\/vc_section]\n","protected":false},"excerpt":{"rendered":"<p>[vc_section][vc_row el_class=&#8221;pd-top-100 sm-pd-top-80 xs-pd-top-60 pd-bottom-100 sm-pd-bottom-80 xs-pd-bottom-20&#8243;][vc_column][g5plus_heading align=&#8221;text-center&#8221; google_fonts=&#8221;font_family:Maven%20Pro%3Aregular%2C500%2C700%2C900|font_style:700%20bold%20regular%3A700%3Anormal&#8221; use_theme_fonts=&#8221;true&#8221; title=&#8221;Cookie-Richtlinie&#8221; fs=&#8221;60&#8243; css=&#8221;.vc_custom_1705673344126{padding-bottom: 30px !important;}&#8221;][vc_column_text]In \u00dcbereinstimmung mit dem Gesetz 34\/2002 vom 11. Juli \u00fcber Dienste der Informationsgesellschaft und elektronischen Handel informieren wir Sie dar\u00fcber, dass diese Website, wie die meisten Websites im Internet, Cookies verwendet, um das Benutzererlebnis zu verbessern und zu optimieren. Nachfolgend finden [&hellip;]<\/p>\n","protected":false},"author":2,"featured_media":0,"parent":0,"menu_order":0,"comment_status":"closed","ping_status":"closed","template":"","meta":{"wpupg_custom_link":[],"wpupg_custom_link_behaviour":[],"wpupg_custom_image":[],"wpupg_custom_image_id":[],"footnotes":"","_links_to":"","_links_to_target":""},"yoast_head":"<!-- This site is optimized with the Yoast SEO plugin v22.2 - https:\/\/yoast.com\/wordpress\/plugins\/seo\/ -->\n<title>Cookie-Richtlinie<\/title>\n<meta name=\"robots\" content=\"index, follow, max-snippet:-1, max-image-preview:large, max-video-preview:-1\" \/>\n<link rel=\"canonical\" href=\"https:\/\/frutasborja.es\/de\/cookie-richtlinie\/\" \/>\n<meta property=\"og:locale\" content=\"de_DE\" \/>\n<meta property=\"og:type\" content=\"article\" \/>\n<meta property=\"og:title\" content=\"Cookie-Richtlinie\" \/>\n<meta property=\"og:description\" content=\"[vc_section][vc_row el_class=&#8221;pd-top-100 sm-pd-top-80 xs-pd-top-60 pd-bottom-100 sm-pd-bottom-80 xs-pd-bottom-20&#8243;][vc_column][g5plus_heading align=&#8221;text-center&#8221; google_fonts=&#8221;font_family:Maven%20Pro%3Aregular%2C500%2C700%2C900|font_style:700%20bold%20regular%3A700%3Anormal&#8221; use_theme_fonts=&#8221;true&#8221; title=&#8221;Cookie-Richtlinie&#8221; fs=&#8221;60&#8243; css=&#8221;.vc_custom_1705673344126{padding-bottom: 30px !important;}&#8221;][vc_column_text]In \u00dcbereinstimmung mit dem Gesetz 34\/2002 vom 11. Juli \u00fcber Dienste der Informationsgesellschaft und elektronischen Handel informieren wir Sie dar\u00fcber, dass diese Website, wie die meisten Websites im Internet, Cookies verwendet, um das Benutzererlebnis zu verbessern und zu optimieren. Nachfolgend finden [&hellip;]\" \/>\n<meta property=\"og:url\" content=\"https:\/\/frutasborja.es\/de\/cookie-richtlinie\/\" \/>\n<meta property=\"og:site_name\" content=\"Frutas Borja\" \/>\n<meta property=\"article:modified_time\" content=\"2024-03-06T12:13:23+00:00\" \/>\n<meta name=\"twitter:card\" content=\"summary_large_image\" \/>\n<meta name=\"twitter:label1\" content=\"Gesch\u00e4tzte Lesezeit\" \/>\n\t<meta name=\"twitter:data1\" content=\"8\u00a0Minuten\" \/>\n<script type=\"application\/ld+json\" class=\"yoast-schema-graph\">{\"@context\":\"https:\/\/schema.org\",\"@graph\":[{\"@type\":\"WebPage\",\"@id\":\"https:\/\/frutasborja.es\/de\/cookie-richtlinie\/\",\"url\":\"https:\/\/frutasborja.es\/de\/cookie-richtlinie\/\",\"name\":\"Cookie-Richtlinie\",\"isPartOf\":{\"@id\":\"https:\/\/frutasborja.azhr.tv\/#website\"},\"datePublished\":\"2019-04-03T10:05:45+00:00\",\"dateModified\":\"2024-03-06T12:13:23+00:00\",\"breadcrumb\":{\"@id\":\"https:\/\/frutasborja.es\/de\/cookie-richtlinie\/#breadcrumb\"},\"inLanguage\":\"de\",\"potentialAction\":[{\"@type\":\"ReadAction\",\"target\":[\"https:\/\/frutasborja.es\/de\/cookie-richtlinie\/\"]}]},{\"@type\":\"BreadcrumbList\",\"@id\":\"https:\/\/frutasborja.es\/de\/cookie-richtlinie\/#breadcrumb\",\"itemListElement\":[{\"@type\":\"ListItem\",\"position\":1,\"name\":\"Portada\",\"item\":\"https:\/\/frutasborja.es\/de\/startseite\/\"},{\"@type\":\"ListItem\",\"position\":2,\"name\":\"Cookie-Richtlinie\"}]},{\"@type\":\"WebSite\",\"@id\":\"https:\/\/frutasborja.azhr.tv\/#website\",\"url\":\"https:\/\/frutasborja.azhr.tv\/\",\"name\":\"Frutas Borja\",\"description\":\"\",\"potentialAction\":[{\"@type\":\"SearchAction\",\"target\":{\"@type\":\"EntryPoint\",\"urlTemplate\":\"https:\/\/frutasborja.azhr.tv\/?s={search_term_string}\"},\"query-input\":\"required name=search_term_string\"}],\"inLanguage\":\"de\"}]}<\/script>\n<!-- \/ Yoast SEO plugin. -->","yoast_head_json":{"title":"Cookie-Richtlinie","robots":{"index":"index","follow":"follow","max-snippet":"max-snippet:-1","max-image-preview":"max-image-preview:large","max-video-preview":"max-video-preview:-1"},"canonical":"https:\/\/frutasborja.es\/de\/cookie-richtlinie\/","og_locale":"de_DE","og_type":"article","og_title":"Cookie-Richtlinie","og_description":"[vc_section][vc_row el_class=&#8221;pd-top-100 sm-pd-top-80 xs-pd-top-60 pd-bottom-100 sm-pd-bottom-80 xs-pd-bottom-20&#8243;][vc_column][g5plus_heading align=&#8221;text-center&#8221; google_fonts=&#8221;font_family:Maven%20Pro%3Aregular%2C500%2C700%2C900|font_style:700%20bold%20regular%3A700%3Anormal&#8221; use_theme_fonts=&#8221;true&#8221; title=&#8221;Cookie-Richtlinie&#8221; fs=&#8221;60&#8243; css=&#8221;.vc_custom_1705673344126{padding-bottom: 30px !important;}&#8221;][vc_column_text]In \u00dcbereinstimmung mit dem Gesetz 34\/2002 vom 11. Juli \u00fcber Dienste der Informationsgesellschaft und elektronischen Handel informieren wir Sie dar\u00fcber, dass diese Website, wie die meisten Websites im Internet, Cookies verwendet, um das Benutzererlebnis zu verbessern und zu optimieren. Nachfolgend finden [&hellip;]","og_url":"https:\/\/frutasborja.es\/de\/cookie-richtlinie\/","og_site_name":"Frutas Borja","article_modified_time":"2024-03-06T12:13:23+00:00","twitter_card":"summary_large_image","twitter_misc":{"Gesch\u00e4tzte Lesezeit":"8\u00a0Minuten"},"schema":{"@context":"https:\/\/schema.org","@graph":[{"@type":"WebPage","@id":"https:\/\/frutasborja.es\/de\/cookie-richtlinie\/","url":"https:\/\/frutasborja.es\/de\/cookie-richtlinie\/","name":"Cookie-Richtlinie","isPartOf":{"@id":"https:\/\/frutasborja.azhr.tv\/#website"},"datePublished":"2019-04-03T10:05:45+00:00","dateModified":"2024-03-06T12:13:23+00:00","breadcrumb":{"@id":"https:\/\/frutasborja.es\/de\/cookie-richtlinie\/#breadcrumb"},"inLanguage":"de","potentialAction":[{"@type":"ReadAction","target":["https:\/\/frutasborja.es\/de\/cookie-richtlinie\/"]}]},{"@type":"BreadcrumbList","@id":"https:\/\/frutasborja.es\/de\/cookie-richtlinie\/#breadcrumb","itemListElement":[{"@type":"ListItem","position":1,"name":"Portada","item":"https:\/\/frutasborja.es\/de\/startseite\/"},{"@type":"ListItem","position":2,"name":"Cookie-Richtlinie"}]},{"@type":"WebSite","@id":"https:\/\/frutasborja.azhr.tv\/#website","url":"https:\/\/frutasborja.azhr.tv\/","name":"Frutas Borja","description":"","potentialAction":[{"@type":"SearchAction","target":{"@type":"EntryPoint","urlTemplate":"https:\/\/frutasborja.azhr.tv\/?s={search_term_string}"},"query-input":"required name=search_term_string"}],"inLanguage":"de"}]}},"_links":{"self":[{"href":"https:\/\/frutasborja.es\/de\/wp-json\/wp\/v2\/pages\/8888"}],"collection":[{"href":"https:\/\/frutasborja.es\/de\/wp-json\/wp\/v2\/pages"}],"about":[{"href":"https:\/\/frutasborja.es\/de\/wp-json\/wp\/v2\/types\/page"}],"author":[{"embeddable":true,"href":"https:\/\/frutasborja.es\/de\/wp-json\/wp\/v2\/users\/2"}],"replies":[{"embeddable":true,"href":"https:\/\/frutasborja.es\/de\/wp-json\/wp\/v2\/comments?post=8888"}],"version-history":[{"count":7,"href":"https:\/\/frutasborja.es\/de\/wp-json\/wp\/v2\/pages\/8888\/revisions"}],"predecessor-version":[{"id":9150,"href":"https:\/\/frutasborja.es\/de\/wp-json\/wp\/v2\/pages\/8888\/revisions\/9150"}],"wp:attachment":[{"href":"https:\/\/frutasborja.es\/de\/wp-json\/wp\/v2\/media?parent=8888"}],"curies":[{"name":"wp","href":"https:\/\/api.w.org\/{rel}","templated":true}]}}